{"id":1478,"date":"2021-06-24T11:01:22","date_gmt":"2021-06-24T09:01:22","guid":{"rendered":"http:\/\/mavitecgreenenergy.com\/?page_id=1478"},"modified":"2026-01-22T15:05:12","modified_gmt":"2026-01-22T14:05:12","slug":"news","status":"publish","type":"page","link":"https:\/\/mavitecgreenenergy.com\/pt\/news\/","title":{"rendered":"Not\u00edcia"},"content":{"rendered":"<div data-elementor-type=\"wp-page\" data-elementor-id=\"1478\" class=\"elementor elementor-1478\" data-elementor-post-type=\"page\">\n\t\t\t\t\t\t<section class=\"elementor-section elementor-top-section elementor-element elementor-element-c93a766 elementor-section-height-min-height elementor-section-boxed elementor-section-height-default elementor-section-items-middle\" data-id=\"c93a766\" data-element_type=\"section\" data-e-type=\"section\" data-settings=\"{&quot;background_background&quot;:&quot;classic&quot;}\">\n\t\t\t\t\t\t<div class=\"elementor-container elementor-column-gap-default\">\n\t\t\t\t\t<div class=\"elementor-column elementor-col-100 elementor-top-column elementor-element elementor-element-89ae009\" data-id=\"89ae009\" data-element_type=\"column\" data-e-type=\"column\">\n\t\t\t<div class=\"elementor-widget-wrap elementor-element-populated\">\n\t\t\t\t\t\t<div class=\"elementor-element elementor-element-03933cd elementor-mobile-align-center elementor-hidden-desktop elementor-hidden-tablet elementor-widget elementor-widget-breadcrumbs\" data-id=\"03933cd\" data-element_type=\"widget\" data-e-type=\"widget\" data-widget_type=\"breadcrumbs.default\">\n\t\t\t\t<div class=\"elementor-widget-container\">\n\t\t\t\t\t<p id=\"breadcrumbs\"><span><span><a href=\"https:\/\/mavitecgreenenergy.com\/pt\">Lar<\/a><\/span><\/span><\/p>\t\t\t\t<\/div>\n\t\t\t\t<\/div>\n\t\t\t\t<div class=\"elementor-element elementor-element-377a4ee elementor-hidden-desktop elementor-hidden-tablet elementor-widget elementor-widget-heading\" data-id=\"377a4ee\" data-element_type=\"widget\" data-e-type=\"widget\" data-widget_type=\"heading.default\">\n\t\t\t\t<div class=\"elementor-widget-container\">\n\t\t\t\t\t<h2 class=\"elementor-heading-title elementor-size-default\">Not\u00edcia<\/h2>\t\t\t\t<\/div>\n\t\t\t\t<\/div>\n\t\t\t\t\t<\/div>\n\t\t<\/div>\n\t\t\t\t\t<\/div>\n\t\t<\/section>\n\t\t\t\t<section class=\"elementor-section elementor-top-section elementor-element elementor-element-a79cb06 elementor-hidden-phone elementor-section-boxed elementor-section-height-default elementor-section-height-default\" data-id=\"a79cb06\" data-element_type=\"section\" data-e-type=\"section\">\n\t\t\t\t\t\t<div class=\"elementor-container elementor-column-gap-default\">\n\t\t\t\t\t<div class=\"elementor-column elementor-col-100 elementor-top-column elementor-element elementor-element-72588ee\" data-id=\"72588ee\" data-element_type=\"column\" data-e-type=\"column\">\n\t\t\t<div class=\"elementor-widget-wrap elementor-element-populated\">\n\t\t\t\t\t\t<div class=\"elementor-element elementor-element-a1fb90e elementor-widget elementor-widget-heading\" data-id=\"a1fb90e\" data-element_type=\"widget\" data-e-type=\"widget\" data-widget_type=\"heading.default\">\n\t\t\t\t<div class=\"elementor-widget-container\">\n\t\t\t\t\t<h2 class=\"elementor-heading-title elementor-size-default\">Not\u00edcia<\/h2>\t\t\t\t<\/div>\n\t\t\t\t<\/div>\n\t\t\t\t\t<\/div>\n\t\t<\/div>\n\t\t\t\t\t<\/div>\n\t\t<\/section>\n\t\t\t\t<section class=\"elementor-section elementor-top-section elementor-element elementor-element-374bc6a elementor-section-boxed elementor-section-height-default elementor-section-height-default\" data-id=\"374bc6a\" data-element_type=\"section\" data-e-type=\"section\">\n\t\t\t\t\t\t<div class=\"elementor-container elementor-column-gap-default\">\n\t\t\t\t\t<div class=\"elementor-column elementor-col-100 elementor-top-column elementor-element elementor-element-a6c6b4a\" data-id=\"a6c6b4a\" data-element_type=\"column\" data-e-type=\"column\">\n\t\t\t<div class=\"elementor-widget-wrap elementor-element-populated\">\n\t\t\t\t\t\t<div class=\"elementor-element elementor-element-153e3b0 elementor-widget__width-initial elementor-widget-mobile__width-inherit elementor-widget elementor-widget-jet-smart-filters-sorting\" data-id=\"153e3b0\" data-element_type=\"widget\" data-e-type=\"widget\" data-widget_type=\"jet-smart-filters-sorting.default\">\n\t\t\t\t<div class=\"elementor-widget-container\">\n\t\t\t\t\t<div class=\"jet-smart-filters-sorting jet-filter\"><div\n\tclass=\"jet-sorting jet-sorting--flex-column\"\n\t data-smart-filter=\"sorting\" data-query-type=\"sort\" data-query-var=\"standard\" data-content-provider=\"jet-engine\" data-query-id=\"news-archive-overview\" data-apply-type=\"ajax\" data-apply-on=\"value\" data-additional-providers=\"\">\n\t\t\t<div class=\"jet-sorting-label\">\n\t\t\tOrdenar\t\t<\/div>\n\t\t<select\n\t\tclass=\"jet-sorting-select\"\n\t\tname=\"select-name\"\n\t\t\t\taria-label=\"Ordenar\"\n\t>\n\t\t\t\t\t<option value=\"\">\n\t\t\t\tOrdenar...\t\t\t<\/option>\n\t\t\t\t\t\t\t<option\n\t\t\t\tvalue=\"{&quot;orderby&quot;:&quot;date&quot;,&quot;order&quot;:&quot;ASC&quot;}\"\n\t\t\t\t\t\t\t>\n\t\t\t\tPor data (mais antigo primeiro)\t\t\t<\/option>\n\t\t\t\t\t<option\n\t\t\t\tvalue=\"{&quot;orderby&quot;:&quot;date&quot;,&quot;order&quot;:&quot;DESC&quot;}\"\n\t\t\t\t\t\t\t>\n\t\t\t\tPor data (mais recente primeiro)\t\t\t<\/option>\n\t\t\t\t\t<option\n\t\t\t\tvalue=\"{&quot;orderby&quot;:&quot;title&quot;,&quot;order&quot;:&quot;ASC&quot;}\"\n\t\t\t\t\t\t\t>\n\t\t\t\tClassificar de A a Z\t\t\t<\/option>\n\t\t\t\t\t<option\n\t\t\t\tvalue=\"{&quot;orderby&quot;:&quot;title&quot;,&quot;order&quot;:&quot;DESC&quot;}\"\n\t\t\t\t\t\t\t>\n\t\t\t\tClassifique de Z a A\t\t\t<\/option>\n\t\t\t<\/select>\n<\/div>\n<\/div>\t\t\t\t<\/div>\n\t\t\t\t<\/div>\n\t\t\t\t<div class=\"elementor-element elementor-element-7554538 elementor-widget__width-initial elementor-widget-mobile__width-inherit jet-smart-filter-content-position-column jet-smart-filter-group-position-column elementor-widget elementor-widget-jet-smart-filters-select\" data-id=\"7554538\" data-element_type=\"widget\" data-e-type=\"widget\" data-widget_type=\"jet-smart-filters-select.default\">\n\t\t\t\t<div class=\"elementor-widget-container\">\n\t\t\t\t\t<div class=\"jet-smart-filters-select jet-filter\" data-indexer-rule=\"show\" data-show-counter=\"\" data-change-counter=\"always\"><div class=\"jet-filter-label\">Categoria<\/div>\n<div class=\"jet-select\" data-query-type=\"tax_query\" data-query-var=\"category\" data-smart-filter=\"select\" data-filter-id=\"2520\" data-apply-type=\"ajax\" data-content-provider=\"jet-engine\" data-additional-providers=\"\" data-query-id=\"news-archive-overview\" data-active-label=\"Category\" data-layout-options=\"{&quot;show_label&quot;:true,&quot;display_options&quot;:{&quot;show_items_label&quot;:false,&quot;show_decorator&quot;:false,&quot;filter_image_size&quot;:&quot;full&quot;,&quot;show_counter&quot;:false}}\" data-query-var-suffix=\"\" data-apply-on=\"value\">\n\t\t\t\t<select\n\t\t\tclass=\"jet-select__control\"\n\t\t\tname=\"category\"\n\t\t\t\t\t\taria-label=\"Categoria\"\n\t\t>\n\t\t\t\t\t\t\t\t\t\t<option\n\t\t\t\t\tvalue=\"\"\n\t\t\t\t\tdata-label=\"All categories\"\n\t\t\t\t\tdata-counter-prefix=\"\"\n\t\t\t\t\tdata-counter-suffix=\"\"\n\t\t\t\t\t\t\t\t\t\t\t\t\t\t>\n\t\t\t\t\tTodas as categorias\t\t\t\t<\/option>\n\t\t\t\t\t\t\t\t<option\n\t\t\t\t\tvalue=\"61\"\n\t\t\t\t\tdata-label=\"Depackaging\"\n\t\t\t\t\tdata-counter-prefix=\"\"\n\t\t\t\t\tdata-counter-suffix=\"\"\n\t\t\t\t\t\t\t\t\t\t\t\t\t\t>\n\t\t\t\t\tDesembalagem\t\t\t\t<\/option>\n\t\t\t\t\t\t\t\t<option\n\t\t\t\t\tvalue=\"70\"\n\t\t\t\t\tdata-label=\"Exhibition\"\n\t\t\t\t\tdata-counter-prefix=\"\"\n\t\t\t\t\tdata-counter-suffix=\"\"\n\t\t\t\t\t\t\t\t\t\t\t\t\t\t>\n\t\t\t\t\tExibi\u00e7\u00e3o\t\t\t\t<\/option>\n\t\t\t\t\t\t\t\t<option\n\t\t\t\t\tvalue=\"63\"\n\t\t\t\t\tdata-label=\"Food waste\"\n\t\t\t\t\tdata-counter-prefix=\"\"\n\t\t\t\t\tdata-counter-suffix=\"\"\n\t\t\t\t\t\t\t\t\t\t\t\t\t\t>\n\t\t\t\t\tDesperd\u00edcio de comida\t\t\t\t<\/option>\n\t\t\t\t\t\t\t\t<option\n\t\t\t\t\tvalue=\"57\"\n\t\t\t\t\tdata-label=\"News\"\n\t\t\t\t\tdata-counter-prefix=\"\"\n\t\t\t\t\tdata-counter-suffix=\"\"\n\t\t\t\t\t\t\t\t\t\t\t\t\t\t>\n\t\t\t\t\tNot\u00edcia\t\t\t\t<\/option>\n\t\t\t\t<\/select>\n\t<\/div><\/div>\t\t\t\t<\/div>\n\t\t\t\t<\/div>\n\t\t\t\t<div class=\"elementor-element elementor-element-9ef87df jet-smart-filter-content-position-line elementor-widget__width-initial elementor-widget-mobile__width-inherit elementor-widget elementor-widget-jet-smart-filters-search\" data-id=\"9ef87df\" data-element_type=\"widget\" data-e-type=\"widget\" data-widget_type=\"jet-smart-filters-search.default\">\n\t\t\t\t<div class=\"elementor-widget-container\">\n\t\t\t\t\t<div class=\"jet-smart-filters-search jet-filter\"><div class=\"jet-filter-label\">Procurar<\/div>\n\n<div\n\tclass=\"jet-search-filter button-icon-position-right\"\n\tdata-query-type=\"_s\" data-query-var=\"query\" data-smart-filter=\"search\" data-filter-id=\"1158\" data-apply-type=\"ajax\" data-content-provider=\"jet-engine\" data-additional-providers=\"\" data-query-id=\"news-archive-overview\" data-active-label=\"Search\" data-layout-options=\"{&quot;show_label&quot;:&quot;&quot;,&quot;display_options&quot;:[]}\" data-query-var-suffix=\"search\">\n\t<div class=\"jet-search-filter__input-wrapper\">\n\t\t<input\n\t\t\tclass=\"jet-search-filter__input\"\n\t\t\ttype=\"search\"\n\t\t\tautocomplete=\"off\"\n\t\t\tname=\"query\"\n\t\t\tvalue=\"\"\n\t\t\tplaceholder=\"Digite uma palavra-chave ...\"\n\t\t\taria-label=\"Procurar\"\n\t\t\t\t\t>\n\t\t\t<\/div>\n\n\t\t\t<button\n\t\t\ttype=\"button\"\n\t\t\tclass=\"jet-search-filter__submit apply-filters__button\"\n\t\t\t\t\t>\n\t\t\t\t\t\t<span class=\"jet-search-filter__submit-text\">\n\t\t\t\t\t\t\t<\/span>\n\t\t\t<i class=\"fa fa-search\"><\/i>\t\t<\/button>\n\t<\/div>\n<\/div>\t\t\t\t<\/div>\n\t\t\t\t<\/div>\n\t\t\t\t\t<\/div>\n\t\t<\/div>\n\t\t\t\t\t<\/div>\n\t\t<\/section>\n\t\t\t\t<section class=\"elementor-section elementor-top-section elementor-element elementor-element-217bf06 elementor-section-boxed elementor-section-height-default elementor-section-height-default\" data-id=\"217bf06\" data-element_type=\"section\" data-e-type=\"section\">\n\t\t\t\t\t\t<div class=\"elementor-container elementor-column-gap-default\">\n\t\t\t\t\t<div class=\"elementor-column elementor-col-100 elementor-top-column elementor-element elementor-element-589a7fe\" data-id=\"589a7fe\" data-element_type=\"column\" data-e-type=\"column\">\n\t\t\t<div class=\"elementor-widget-wrap elementor-element-populated\">\n\t\t\t\t\t\t<div class=\"elementor-element elementor-element-5f9d2d4 elementor-widget elementor-widget-jet-smart-filters-pagination\" data-id=\"5f9d2d4\" data-element_type=\"widget\" data-e-type=\"widget\" data-widget_type=\"jet-smart-filters-pagination.default\">\n\t\t\t\t<div class=\"elementor-widget-container\">\n\t\t\t\t\t<div\n\t\t\t\tclass=\"jet-smart-filters-pagination jet-filter\"\n\t\t\t\tdata-apply-provider=\"jet-engine\"\n\t\t\t\tdata-content-provider=\"jet-engine\"\n\t\t\t\tdata-query-id=\"news-archive-overview\"\n\t\t\t\tdata-controls=\"{&quot;items_enabled&quot;:true,&quot;pages_mid_size&quot;:0,&quot;pages_end_size&quot;:0,&quot;nav_enabled&quot;:true,&quot;prev&quot;:&quot;&lt;&quot;,&quot;next&quot;:&quot;&gt;&quot;,&quot;hide_inactive_nav&quot;:true,&quot;load_more_enabled&quot;:false,&quot;provider_top_offset&quot;:0}\"\n\t\t\t\tdata-apply-type=\"mixed\"\n\t\t\t><\/div>\t\t\t\t<\/div>\n\t\t\t\t<\/div>\n\t\t\t\t\t<\/div>\n\t\t<\/div>\n\t\t\t\t\t<\/div>\n\t\t<\/section>\n\t\t\t\t<\/div>","protected":false},"excerpt":{"rendered":"<p>Sort Sort&#8230;By date (oldest first)By date (newest first)Sort from A to ZSort from Z to A Category All categoriesDepackagingExhibitionFood wasteNews Search 6-01-2023 News Mavitec Green Energy presents the latest solutions for your food waste and reception &amp; depackaging challenges and will be ready to inform you about all the possibilities. Interested in the opportunities we [&hellip;]<\/p>\n","protected":false},"author":1,"featured_media":0,"parent":0,"menu_order":0,"comment_status":"closed","ping_status":"closed","template":"","meta":{"_acf_changed":false,"footnotes":""},"class_list":["post-1478","page","type-page","status-publish","hentry"],"acf":[],"yoast_head":"<!-- This site is optimized with the Yoast SEO plugin v27.3 - https:\/\/yoast.com\/product\/yoast-seo-wordpress\/ -->\n<title>Latest News from Mavitec Green Energy<\/title>\n<meta name=\"description\" content=\"Stay updated with the latest sustainable energy innovations and solutions as Mavitec Green Energy shares its news\" \/>\n<meta name=\"robots\" content=\"index, follow, max-snippet:-1, max-image-preview:large, max-video-preview:-1\" \/>\n<link rel=\"canonical\" href=\"https:\/\/mavitecgreenenergy.com\/pt\/news\/\" \/>\n<meta property=\"og:locale\" content=\"pt_PT\" \/>\n<meta property=\"og:type\" content=\"article\" \/>\n<meta property=\"og:title\" content=\"Latest News from Mavitec Green Energy\" \/>\n<meta property=\"og:description\" content=\"Stay updated with the latest sustainable energy innovations and solutions as Mavitec Green Energy shares its news\" \/>\n<meta property=\"og:url\" content=\"https:\/\/mavitecgreenenergy.com\/pt\/news\/\" \/>\n<meta property=\"og:site_name\" content=\"Mavitec Green Energy\" \/>\n<meta property=\"article:modified_time\" content=\"2026-01-22T14:05:12+00:00\" \/>\n<meta name=\"twitter:card\" content=\"summary_large_image\" \/>\n<meta name=\"twitter:label1\" content=\"Tempo estimado de leitura\" \/>\n\t<meta name=\"twitter:data1\" content=\"11 minutos\" \/>\n<script type=\"application\/ld+json\" class=\"yoast-schema-graph\">{\"@context\":\"https:\\\/\\\/schema.org\",\"@graph\":[{\"@type\":\"WebPage\",\"@id\":\"https:\\\/\\\/mavitecgreenenergy.com\\\/news\\\/\",\"url\":\"https:\\\/\\\/mavitecgreenenergy.com\\\/news\\\/\",\"name\":\"Latest News from Mavitec Green Energy\",\"isPartOf\":{\"@id\":\"https:\\\/\\\/mavitecgreenenergy.com\\\/#website\"},\"datePublished\":\"2021-06-24T09:01:22+00:00\",\"dateModified\":\"2026-01-22T14:05:12+00:00\",\"description\":\"Stay updated with the latest sustainable energy innovations and solutions as Mavitec Green Energy shares its news\",\"breadcrumb\":{\"@id\":\"https:\\\/\\\/mavitecgreenenergy.com\\\/news\\\/#breadcrumb\"},\"inLanguage\":\"pt-PT\",\"potentialAction\":[{\"@type\":\"ReadAction\",\"target\":[\"https:\\\/\\\/mavitecgreenenergy.com\\\/news\\\/\"]}]},{\"@type\":\"BreadcrumbList\",\"@id\":\"https:\\\/\\\/mavitecgreenenergy.com\\\/news\\\/#breadcrumb\",\"itemListElement\":[{\"@type\":\"ListItem\",\"position\":1,\"name\":\"Home\",\"item\":\"https:\\\/\\\/mavitecgreenenergy.com\\\/\"},{\"@type\":\"ListItem\",\"position\":2,\"name\":\"News\"}]},{\"@type\":\"WebSite\",\"@id\":\"https:\\\/\\\/mavitecgreenenergy.com\\\/#website\",\"url\":\"https:\\\/\\\/mavitecgreenenergy.com\\\/\",\"name\":\"Mavitec Green Energy\",\"description\":\"\",\"publisher\":{\"@id\":\"https:\\\/\\\/mavitecgreenenergy.com\\\/#organization\"},\"potentialAction\":[{\"@type\":\"SearchAction\",\"target\":{\"@type\":\"EntryPoint\",\"urlTemplate\":\"https:\\\/\\\/mavitecgreenenergy.com\\\/?s={search_term_string}\"},\"query-input\":{\"@type\":\"PropertyValueSpecification\",\"valueRequired\":true,\"valueName\":\"search_term_string\"}}],\"inLanguage\":\"pt-PT\"},{\"@type\":\"Organization\",\"@id\":\"https:\\\/\\\/mavitecgreenenergy.com\\\/#organization\",\"name\":\"Mavitec Green Energie\",\"url\":\"https:\\\/\\\/mavitecgreenenergy.com\\\/\",\"logo\":{\"@type\":\"ImageObject\",\"inLanguage\":\"pt-PT\",\"@id\":\"https:\\\/\\\/mavitecgreenenergy.com\\\/#\\\/schema\\\/logo\\\/image\\\/\",\"url\":\"https:\\\/\\\/mavitecgreenenergy.com\\\/wp-content\\\/uploads\\\/2021\\\/06\\\/logo.svg\",\"contentUrl\":\"https:\\\/\\\/mavitecgreenenergy.com\\\/wp-content\\\/uploads\\\/2021\\\/06\\\/logo.svg\",\"width\":1,\"height\":1,\"caption\":\"Mavitec Green Energie\"},\"image\":{\"@id\":\"https:\\\/\\\/mavitecgreenenergy.com\\\/#\\\/schema\\\/logo\\\/image\\\/\"}}]}<\/script>\n<!-- \/ Yoast SEO plugin. -->","yoast_head_json":{"title":"\u00daltimas not\u00edcias da Mavitec Green Energy","description":"Fique atualizado com as \u00faltimas inova\u00e7\u00f5es e solu\u00e7\u00f5es de energia sustent\u00e1vel enquanto a Mavitec Green Energy compartilha suas novidades","robots":{"index":"index","follow":"follow","max-snippet":"max-snippet:-1","max-image-preview":"max-image-preview:large","max-video-preview":"max-video-preview:-1"},"canonical":"https:\/\/mavitecgreenenergy.com\/pt\/news\/","og_locale":"pt_PT","og_type":"article","og_title":"Latest News from Mavitec Green Energy","og_description":"Stay updated with the latest sustainable energy innovations and solutions as Mavitec Green Energy shares its news","og_url":"https:\/\/mavitecgreenenergy.com\/pt\/news\/","og_site_name":"Mavitec Green Energy","article_modified_time":"2026-01-22T14:05:12+00:00","twitter_card":"summary_large_image","twitter_misc":{"Tempo estimado de leitura":"11 minutos"},"schema":{"@context":"https:\/\/schema.org","@graph":[{"@type":"WebPage","@id":"https:\/\/mavitecgreenenergy.com\/news\/","url":"https:\/\/mavitecgreenenergy.com\/news\/","name":"\u00daltimas not\u00edcias da Mavitec Green Energy","isPartOf":{"@id":"https:\/\/mavitecgreenenergy.com\/#website"},"datePublished":"2021-06-24T09:01:22+00:00","dateModified":"2026-01-22T14:05:12+00:00","description":"Fique atualizado com as \u00faltimas inova\u00e7\u00f5es e solu\u00e7\u00f5es de energia sustent\u00e1vel enquanto a Mavitec Green Energy compartilha suas novidades","breadcrumb":{"@id":"https:\/\/mavitecgreenenergy.com\/news\/#breadcrumb"},"inLanguage":"pt-PT","potentialAction":[{"@type":"ReadAction","target":["https:\/\/mavitecgreenenergy.com\/news\/"]}]},{"@type":"BreadcrumbList","@id":"https:\/\/mavitecgreenenergy.com\/news\/#breadcrumb","itemListElement":[{"@type":"ListItem","position":1,"name":"Home","item":"https:\/\/mavitecgreenenergy.com\/"},{"@type":"ListItem","position":2,"name":"News"}]},{"@type":"WebSite","@id":"https:\/\/mavitecgreenenergy.com\/#website","url":"https:\/\/mavitecgreenenergy.com\/","name":"Mavitec Green Energy","description":"","publisher":{"@id":"https:\/\/mavitecgreenenergy.com\/#organization"},"potentialAction":[{"@type":"SearchAction","target":{"@type":"EntryPoint","urlTemplate":"https:\/\/mavitecgreenenergy.com\/?s={search_term_string}"},"query-input":{"@type":"PropertyValueSpecification","valueRequired":true,"valueName":"search_term_string"}}],"inLanguage":"pt-PT"},{"@type":"Organization","@id":"https:\/\/mavitecgreenenergy.com\/#organization","name":"Mavitec Green Energie","url":"https:\/\/mavitecgreenenergy.com\/","logo":{"@type":"ImageObject","inLanguage":"pt-PT","@id":"https:\/\/mavitecgreenenergy.com\/#\/schema\/logo\/image\/","url":"https:\/\/mavitecgreenenergy.com\/wp-content\/uploads\/2021\/06\/logo.svg","contentUrl":"https:\/\/mavitecgreenenergy.com\/wp-content\/uploads\/2021\/06\/logo.svg","width":1,"height":1,"caption":"Mavitec Green Energie"},"image":{"@id":"https:\/\/mavitecgreenenergy.com\/#\/schema\/logo\/image\/"}}]}},"_links":{"self":[{"href":"https:\/\/mavitecgreenenergy.com\/pt\/wp-json\/wp\/v2\/pages\/1478","targetHints":{"allow":["GET"]}}],"collection":[{"href":"https:\/\/mavitecgreenenergy.com\/pt\/wp-json\/wp\/v2\/pages"}],"about":[{"href":"https:\/\/mavitecgreenenergy.com\/pt\/wp-json\/wp\/v2\/types\/page"}],"author":[{"embeddable":true,"href":"https:\/\/mavitecgreenenergy.com\/pt\/wp-json\/wp\/v2\/users\/1"}],"replies":[{"embeddable":true,"href":"https:\/\/mavitecgreenenergy.com\/pt\/wp-json\/wp\/v2\/comments?post=1478"}],"version-history":[{"count":7,"href":"https:\/\/mavitecgreenenergy.com\/pt\/wp-json\/wp\/v2\/pages\/1478\/revisions"}],"predecessor-version":[{"id":6278,"href":"https:\/\/mavitecgreenenergy.com\/pt\/wp-json\/wp\/v2\/pages\/1478\/revisions\/6278"}],"wp:attachment":[{"href":"https:\/\/mavitecgreenenergy.com\/pt\/wp-json\/wp\/v2\/media?parent=1478"}],"curies":[{"name":"wp","href":"https:\/\/api.w.org\/{rel}","templated":true}]}}